{"id":1175,"date":"2017-07-04T08:12:00","date_gmt":"2017-07-04T08:12:00","guid":{"rendered":"http:\/\/desarrollo.uican.es\/dominguez\/nosotros\/"},"modified":"2019-01-31T12:40:17","modified_gmt":"2019-01-31T11:40:17","slug":"nosaltres","status":"publish","type":"page","link":"https:\/\/clinicadentaldominguez.com\/ca\/nosaltres\/","title":{"rendered":"Instal\u00b7lacions"},"content":{"rendered":"<section class=\"wpb-content-wrapper\"><p>[vc_row el_class=&#8221;onlymobiles&#8221;][vc_column][vc_empty_space alter_height=&#8221;medium&#8221; hide_on_desktop=&#8221;&#8221; hide_on_notebook=&#8221;&#8221; hide_on_tablet=&#8221;&#8221; hide_on_mobile=&#8221;&#8221;][vc_single_image image=&#8221;959&#8243; img_size=&#8221;large&#8221; alignment=&#8221;center&#8221;][\/vc_column][\/vc_row][vc_row full_width=&#8221;stretch_row_content_no_spaces&#8221; equal_height=&#8221;yes&#8221; hide_bg_image_on_tablet=&#8221;&#8221; hide_bg_image_on_mobile=&#8221;&#8221;][vc_column width=&#8221;5\/12&#8243; hide_bg_image_on_tablet=&#8221;&#8221; hide_bg_image_on_mobile=&#8221;&#8221; css=&#8221;.vc_custom_1543694963220{background-image: url(http:\/\/clinicadentaldominguez.com\/wp-content\/uploads\/2018\/11\/img7265.jpg?id=959) !important;background-position: center right !important;background-repeat: no-repeat !important;background-size: cover !important;}&#8221; offset=&#8221;vc_hidden-md vc_hidden-sm vc_hidden-xs&#8221;][\/vc_column][vc_column offset=&#8221;vc_col-lg-6 vc_col-md-10 vc_col-sm-offset-0 vc_col-xs-offset-1 vc_col-xs-10&#8243; el_class=&#8221;about&#8221;]<div id=\"\"\n\t\tclass=\"sc_content color_style_default sc_content_default sc_content_width_2_3 sc_float_left sc_shift_x_large\"><div class=\"sc_content_container\">[vc_empty_space alter_height=&#8221;medium&#8221; hide_on_desktop=&#8221;&#8221; hide_on_notebook=&#8221;&#8221; hide_on_tablet=&#8221;&#8221; hide_on_mobile=&#8221;&#8221; css=&#8221;.vc_custom_1505229084692{margin-top: -0.25rem !important;}&#8221;][vc_empty_space alter_height=&#8221;huge&#8221; hide_on_desktop=&#8221;&#8221; hide_on_notebook=&#8221;&#8221; hide_on_tablet=&#8221;&#8221; hide_on_mobile=&#8221;&#8221; el_class=&#8221;vc_hidden-sm vc_hidden-xs vc_hidden-md&#8221;]<div id=\"\"\n\t\tclass=\"sc_title color_style_default sc_title_default\"><h6 class=\"sc_item_subtitle sc_title_subtitle sc_align_left sc_item_title_style_default\">Cl\u00ednica dental Dominguez<\/h6><\/div><!-- \/.sc_title -->[vc_empty_space hide_on_desktop=&#8221;&#8221; hide_on_notebook=&#8221;&#8221; hide_on_tablet=&#8221;&#8221; hide_on_mobile=&#8221;&#8221; css=&#8221;.vc_custom_1505229134124{margin-top: 0.5rem !important;}&#8221;]<div id=\"\"\n\t\tclass=\"sc_title color_style_default sc_title_default\"><h3 class=\"sc_item_title sc_title_title sc_align_left sc_item_title_style_default\">La cl\u00ednica<\/h3><div class=\"sc_item_descr sc_title_descr sc_align_left\"><p>Som una cl\u00ednica familiar que ofereix un tracte amable, directe i personal. Treballem per a la salut dental dels nostres pacients, atenent les necessitats espec\u00edfiques de cada un d'ells.<br \/>\nSituada al passeig de Maragall de Barcelona, va ser fundada l'any 1.982, pel Dr. Felip Dom\u00ednguez Casc\u00f3n.<br \/>\nEst\u00e0 situada al repl\u00e0 de l'entrada de l'edifici i gr\u00e0cies a un nou ascensor situat a nivell de carrer es pot arribar a la cl\u00ednica sense escales.<\/p>\n<p>El m\u00e9s important per a nosaltres \u00e9s oferir la millor atenci\u00f3 sanit\u00e0ria, per aix\u00f2 donem prioritat als aparells i el material utilitzat en els tractaments. Els boxes estan dissenyats de manera que t'ajuden a relaxar-te i per tant poder rebre els tractaments amb millors condicions.<\/p>\n<\/div><\/div><!-- \/.sc_title -->[vc_empty_space alter_height=&#8221;huge&#8221; hide_on_desktop=&#8221;&#8221; hide_on_notebook=&#8221;&#8221; hide_on_tablet=&#8221;&#8221; hide_on_mobile=&#8221;&#8221; el_class=&#8221;vc_hidden-sm vc_hidden-xs vc_hidden-md&#8221;][vc_empty_space alter_height=&#8221;small&#8221; hide_on_desktop=&#8221;&#8221; hide_on_notebook=&#8221;&#8221; hide_on_tablet=&#8221;&#8221; hide_on_mobile=&#8221;&#8221; css=&#8221;.vc_custom_1543696894088{margin-top: 0.35rem !important;}&#8221;]<\/div><\/div><!-- \/.sc_content -->[\/vc_column][\/vc_row][vc_row full_width=&#8221;stretch_row_content_no_spaces&#8221; hide_bg_image_on_tablet=&#8221;&#8221; hide_bg_image_on_mobile=&#8221;&#8221; css=&#8221;.vc_custom_1543695978122{background-color: #f4f7f7 !important;}&#8221; el_class=&#8221;about&#8221;][vc_column width=&#8221;1\/12&#8243;][\/vc_column][vc_column width=&#8221;5\/6&#8243;][vc_empty_space alter_height=&#8221;medium&#8221; hide_on_desktop=&#8221;&#8221; hide_on_notebook=&#8221;&#8221; hide_on_tablet=&#8221;&#8221; hide_on_mobile=&#8221;&#8221; css=&#8221;.vc_custom_1543529474399{margin-top: 0.8rem !important;}&#8221;]<div class=\"sc_services color_style_default sc_services_default sc_services_featured_top\"><h3 class=\"sc_item_title sc_services_title sc_align_center sc_item_title_style_default\">Instal\u00b7lacions<\/h3><div class=\"sc_item_descr sc_services_descr sc_align_center\"><p>Disposem dels equips tecnol\u00f2gicament m\u00e9s avan\u00e7ats del mercat, incloent un l\u00e0ser i un TAC. Renovem i millorem cont\u00ednuament el material per assegurar-te la millor assist\u00e8ncia. A m\u00e9s, treballem amb tecnologia CAD \/ CAM per tal de millorar la precisi\u00f3 dels tractaments m\u00e9s complexos.<\/p>\n<\/div><div class=\"sc_services_columns_wrap sc_item_columns sc_item_columns_4 trx_addons_columns_wrap columns_padding_bottom\"><div class=\"trx_addons_column-1_4\"><div class=\"sc_services_item with_content with_image sc_services_item_featured_top\">\n\t<div class=\"post_featured with_thumb hover_icon sc_services_item_thumb\"><img loading=\"lazy\" decoding=\"async\" width=\"370\" height=\"211\" src=\"https:\/\/clinicadentaldominguez.com\/wp-content\/uploads\/2018\/11\/coordinacion-1.jpg\" class=\"attachment-prodent-thumb-med size-prodent-thumb-med wp-post-image\" alt=\"Coordinaci\u00f3 cl\u00ednica\" srcset=\"https:\/\/clinicadentaldominguez.com\/wp-content\/uploads\/2018\/11\/coordinacion-1.jpg 787w, https:\/\/clinicadentaldominguez.com\/wp-content\/uploads\/2018\/11\/coordinacion-1-300x171.jpg 300w, https:\/\/clinicadentaldominguez.com\/wp-content\/uploads\/2018\/11\/coordinacion-1-768x437.jpg 768w, https:\/\/clinicadentaldominguez.com\/wp-content\/uploads\/2018\/11\/coordinacion-1-370x211.jpg 370w, https:\/\/clinicadentaldominguez.com\/wp-content\/uploads\/2018\/11\/coordinacion-1-760x433.jpg 760w, https:\/\/clinicadentaldominguez.com\/wp-content\/uploads\/2018\/11\/coordinacion-1-740x421.jpg 740w\" sizes=\"auto, (max-width: 370px) 100vw, 370px\" \/><div class=\"mask\"><\/div><div class=\"icons\"><a href=\"https:\/\/clinicadentaldominguez.com\/ca\/services\/coordinacion-clinica\/\" aria-hidden=\"true\" class=\"icon-icon12\"><\/a><\/div><\/div>\t\n\t<div class=\"sc_services_item_info\">\n\t\t<div class=\"sc_services_item_header\">\n\t\t\t<h4 class=\"sc_services_item_title\"><a href=\"https:\/\/clinicadentaldominguez.com\/ca\/services\/coordinacion-clinica\/\">Coordinaci\u00f3 cl\u00ednica<\/a><\/h4>\n\t\t\t<div class=\"sc_services_item_subtitle\"><a href=\"https:\/\/clinicadentaldominguez.com\/ca\/services_group\/serveis\/\" title=\"View all posts in Els nostres serveis\">Els nostres serveis<\/a><\/div>\n\t\t<\/div>\n\t\t\t\t\t<div class=\"sc_services_item_content\"><p>Tots els dentistes de la cl\u00ednica treballem amb una estreta col\u00b7laboraci\u00f3 per poder aconseguir els millors resultats. Ens reunim a diari per exposar els casos cl\u00ednics i prendre les decisions oportunes per tal d\u2019aconseguir adequar el tractament a les necessitats de cada pacient.<\/p>\n<\/div>\n\t\t\t<div class=\"sc_services_item_button sc_item_button\"><a href=\"https:\/\/clinicadentaldominguez.com\/ca\/services\/coordinacion-clinica\/\" class=\"sc_button sc_button_simple\">More info<\/a><\/div>\n\t\t\t<\/div>\n<\/div>\n<\/div><div class=\"trx_addons_column-1_4\"><div class=\"sc_services_item with_content with_image sc_services_item_featured_top\">\n\t<div class=\"post_featured with_thumb hover_icon sc_services_item_thumb\"><img loading=\"lazy\" decoding=\"async\" width=\"370\" height=\"211\" src=\"https:\/\/clinicadentaldominguez.com\/wp-content\/uploads\/2017\/07\/laser.jpg\" class=\"attachment-prodent-thumb-med size-prodent-thumb-med wp-post-image\" alt=\"Tecnologia l\u00e0ser\" srcset=\"https:\/\/clinicadentaldominguez.com\/wp-content\/uploads\/2017\/07\/laser.jpg 787w, https:\/\/clinicadentaldominguez.com\/wp-content\/uploads\/2017\/07\/laser-300x171.jpg 300w, https:\/\/clinicadentaldominguez.com\/wp-content\/uploads\/2017\/07\/laser-768x437.jpg 768w, https:\/\/clinicadentaldominguez.com\/wp-content\/uploads\/2017\/07\/laser-370x211.jpg 370w, https:\/\/clinicadentaldominguez.com\/wp-content\/uploads\/2017\/07\/laser-760x433.jpg 760w, https:\/\/clinicadentaldominguez.com\/wp-content\/uploads\/2017\/07\/laser-740x421.jpg 740w\" sizes=\"auto, (max-width: 370px) 100vw, 370px\" \/><div class=\"mask\"><\/div><div class=\"icons\"><a href=\"https:\/\/clinicadentaldominguez.com\/ca\/services\/tecnologia-laser\/\" aria-hidden=\"true\" class=\"icon-icon12\"><\/a><\/div><\/div>\t\n\t<div class=\"sc_services_item_info\">\n\t\t<div class=\"sc_services_item_header\">\n\t\t\t<h4 class=\"sc_services_item_title\"><a href=\"https:\/\/clinicadentaldominguez.com\/ca\/services\/tecnologia-laser\/\">Tecnologia l\u00e0ser<\/a><\/h4>\n\t\t\t<div class=\"sc_services_item_subtitle\"><a href=\"https:\/\/clinicadentaldominguez.com\/ca\/services_group\/catalan-portada\/\" title=\"View all posts in [Catalan] Portada\">[Catalan] Portada, <\/a><a href=\"https:\/\/clinicadentaldominguez.com\/ca\/services_group\/serveis\/\" title=\"View all posts in Els nostres serveis\">Els nostres serveis<\/a><\/div>\n\t\t<\/div>\n\t\t\t\t\t<div class=\"sc_services_item_content\"><p>El l\u00e1ser permet realizar certes cirug\u00edes sense dolor, reduint el sagnat i en ocasions evita la necessitat de sutura. A m\u00e9s, te propietats bioestimulants, desinfectants y destoxicants que aporten un benefici extra a la zona operada. Sol ser especialment \u00fatil en la realitzaci\u00f3 de frenectomies, eliminaci\u00f3 de hemangiomes y tractament de l\u2019herpes labial.<\/p>\n<\/div>\n\t\t\t<div class=\"sc_services_item_button sc_item_button\"><a href=\"https:\/\/clinicadentaldominguez.com\/ca\/services\/tecnologia-laser\/\" class=\"sc_button sc_button_simple\">More info<\/a><\/div>\n\t\t\t<\/div>\n<\/div>\n<\/div><div class=\"trx_addons_column-1_4\"><div class=\"sc_services_item with_content with_image sc_services_item_featured_top\">\n\t<div class=\"post_featured with_thumb hover_icon sc_services_item_thumb\"><img loading=\"lazy\" decoding=\"async\" width=\"370\" height=\"211\" src=\"https:\/\/clinicadentaldominguez.com\/wp-content\/uploads\/2017\/07\/radiologia.jpg\" class=\"attachment-prodent-thumb-med size-prodent-thumb-med wp-post-image\" alt=\"Radiologia\" srcset=\"https:\/\/clinicadentaldominguez.com\/wp-content\/uploads\/2017\/07\/radiologia.jpg 787w, https:\/\/clinicadentaldominguez.com\/wp-content\/uploads\/2017\/07\/radiologia-300x171.jpg 300w, https:\/\/clinicadentaldominguez.com\/wp-content\/uploads\/2017\/07\/radiologia-768x437.jpg 768w, https:\/\/clinicadentaldominguez.com\/wp-content\/uploads\/2017\/07\/radiologia-370x211.jpg 370w, https:\/\/clinicadentaldominguez.com\/wp-content\/uploads\/2017\/07\/radiologia-760x433.jpg 760w, https:\/\/clinicadentaldominguez.com\/wp-content\/uploads\/2017\/07\/radiologia-740x421.jpg 740w\" sizes=\"auto, (max-width: 370px) 100vw, 370px\" \/><div class=\"mask\"><\/div><div class=\"icons\"><a href=\"https:\/\/clinicadentaldominguez.com\/ca\/services\/radiologia\/\" aria-hidden=\"true\" class=\"icon-icon12\"><\/a><\/div><\/div>\t\n\t<div class=\"sc_services_item_info\">\n\t\t<div class=\"sc_services_item_header\">\n\t\t\t<h4 class=\"sc_services_item_title\"><a href=\"https:\/\/clinicadentaldominguez.com\/ca\/services\/radiologia\/\">Radiologia<\/a><\/h4>\n\t\t\t<div class=\"sc_services_item_subtitle\"><a href=\"https:\/\/clinicadentaldominguez.com\/ca\/services_group\/catalan-portada\/\" title=\"View all posts in [Catalan] Portada\">[Catalan] Portada, <\/a><a href=\"https:\/\/clinicadentaldominguez.com\/ca\/services_group\/serveis\/\" title=\"View all posts in Els nostres serveis\">Els nostres serveis<\/a><\/div>\n\t\t<\/div>\n\t\t\t\t\t<div class=\"sc_services_item_content\"><p>Disponemos de un CBCT, una de las herramientas m\u00e1s innovadoras del campo odontol\u00f3gico en el diagn\u00f3stico radiogr\u00e1fico. Es un equipo de TAC 3D que nos permite obtener diagn\u00f3sticos m\u00e1s precisos, permitiendo los mejores tratamientos con una irradiaci\u00f3n m\u00ednima para el paciente. Controlamos los niveles de radiaci\u00f3n emitida de los aparatos para asegurar que todo funciona a la perfecci\u00f3n.<\/p>\n<\/div>\n\t\t\t<div class=\"sc_services_item_button sc_item_button\"><a href=\"https:\/\/clinicadentaldominguez.com\/ca\/services\/radiologia\/\" class=\"sc_button sc_button_simple\">More info<\/a><\/div>\n\t\t\t<\/div>\n<\/div>\n<\/div><div class=\"trx_addons_column-1_4\"><div class=\"sc_services_item with_content with_image sc_services_item_featured_top\">\n\t<div class=\"post_featured with_thumb hover_icon sc_services_item_thumb\"><img loading=\"lazy\" decoding=\"async\" width=\"370\" height=\"211\" src=\"https:\/\/clinicadentaldominguez.com\/wp-content\/uploads\/2017\/07\/boxs.jpg\" class=\"attachment-prodent-thumb-med size-prodent-thumb-med wp-post-image\" alt=\"Boxs amb encant\" srcset=\"https:\/\/clinicadentaldominguez.com\/wp-content\/uploads\/2017\/07\/boxs.jpg 787w, https:\/\/clinicadentaldominguez.com\/wp-content\/uploads\/2017\/07\/boxs-300x171.jpg 300w, https:\/\/clinicadentaldominguez.com\/wp-content\/uploads\/2017\/07\/boxs-768x437.jpg 768w, https:\/\/clinicadentaldominguez.com\/wp-content\/uploads\/2017\/07\/boxs-370x211.jpg 370w, https:\/\/clinicadentaldominguez.com\/wp-content\/uploads\/2017\/07\/boxs-760x433.jpg 760w, https:\/\/clinicadentaldominguez.com\/wp-content\/uploads\/2017\/07\/boxs-740x421.jpg 740w\" sizes=\"auto, (max-width: 370px) 100vw, 370px\" \/><div class=\"mask\"><\/div><div class=\"icons\"><a href=\"https:\/\/clinicadentaldominguez.com\/ca\/services\/boxs\/\" aria-hidden=\"true\" class=\"icon-icon12\"><\/a><\/div><\/div>\t\n\t<div class=\"sc_services_item_info\">\n\t\t<div class=\"sc_services_item_header\">\n\t\t\t<h4 class=\"sc_services_item_title\"><a href=\"https:\/\/clinicadentaldominguez.com\/ca\/services\/boxs\/\">Boxs amb encant<\/a><\/h4>\n\t\t\t<div class=\"sc_services_item_subtitle\"><a href=\"https:\/\/clinicadentaldominguez.com\/ca\/services_group\/catalan-portada\/\" title=\"View all posts in [Catalan] Portada\">[Catalan] Portada, <\/a><a href=\"https:\/\/clinicadentaldominguez.com\/ca\/services_group\/serveis\/\" title=\"View all posts in Els nostres serveis\">Els nostres serveis<\/a><\/div>\n\t\t<\/div>\n\t\t\t\t\t<div class=\"sc_services_item_content\"><p>Preparados para poder realizar operaciones quir\u00fargicas en las m\u00e1ximas medidas de seguridad e higiene. Disponen de un techo iluminado con im\u00e1genes de naturaleza y m\u00fasica ambiental que ayuda a relajarte mientras recibes el tratamiento. Disponemos de los equipos dentales m\u00e1s avanzados del mercado. Todo el material se renueva constantemente para asegurar la mejor asistencia m\u00e9dica.<\/p>\n<\/div>\n\t\t\t<div class=\"sc_services_item_button sc_item_button\"><a href=\"https:\/\/clinicadentaldominguez.com\/ca\/services\/boxs\/\" class=\"sc_button sc_button_simple\">More info<\/a><\/div>\n\t\t\t<\/div>\n<\/div>\n<\/div><\/div><\/div><!-- \/.sc_services -->[vc_empty_space alter_height=&#8221;medium&#8221; hide_on_desktop=&#8221;&#8221; hide_on_notebook=&#8221;&#8221; hide_on_tablet=&#8221;&#8221; hide_on_mobile=&#8221;&#8221;][\/vc_column][vc_column width=&#8221;1\/12&#8243;][\/vc_column][\/vc_row]<\/p>\n<\/section>","protected":false},"excerpt":{"rendered":"<p>[vc_row el_class=&#8221;onlymobiles&#8221;][vc_column][vc_empty_space alter_height=&#8221;medium&#8221; hide_on_desktop=&#8221;&#8221; hide_on_notebook=&#8221;&#8221; hide_on_tablet=&#8221;&#8221; hide_on_mobile=&#8221;&#8221;][vc_single_image image=&#8221;959&#8243; img_size=&#8221;large&#8221; alignment=&#8221;center&#8221;][\/vc_column][\/vc_row][vc_row full_width=&#8221;stretch_row_content_no_spaces&#8221; equal_height=&#8221;yes&#8221; hide_bg_image_on_tablet=&#8221;&#8221; hide_bg_image_on_mobile=&#8221;&#8221;][vc_column width=&#8221;5\/12&#8243; hide_bg_image_on_tablet=&#8221;&#8221; hide_bg_image_on_mobile=&#8221;&#8221; css=&#8221;.vc_custom_1543694963220{background-image: url(http:\/\/clinicadentaldominguez.com\/wp-content\/uploads\/2018\/11\/img7265.jpg?id=959) !important;background-position: center right !important;background-repeat: no-repeat !important;background-size: cover !important;}&#8221; offset=&#8221;vc_hidden-md vc_hidden-sm vc_hidden-xs&#8221;][\/vc_column][vc_column offset=&#8221;vc_col-lg-6 vc_col-md-10 vc_col-sm-offset-0 vc_col-xs-offset-1 vc_col-xs-10&#8243; el_class=&#8221;about&#8221;][\/vc_column][\/vc_row][vc_row full_width=&#8221;stretch_row_content_no_spaces&#8221; hide_bg_image_on_tablet=&#8221;&#8221; hide_bg_image_on_mobile=&#8221;&#8221; css=&#8221;.vc_custom_1543695978122{background-color: #f4f7f7 !important;}&#8221; el_class=&#8221;about&#8221;][vc_column width=&#8221;1\/12&#8243;][\/vc_column][vc_column width=&#8221;5\/6&#8243;][vc_empty_space alter_height=&#8221;medium&#8221; hide_on_desktop=&#8221;&#8221; hide_on_notebook=&#8221;&#8221; hide_on_tablet=&#8221;&#8221; hide_on_mobile=&#8221;&#8221; css=&#8221;.vc_custom_1543529474399{margin-top: 0.8rem !important;}&#8221;][vc_empty_space alter_height=&#8221;medium&#8221; hide_on_desktop=&#8221;&#8221; hide_on_notebook=&#8221;&#8221; hide_on_tablet=&#8221;&#8221; hide_on_mobile=&#8221;&#8221;][\/vc_column][vc_column width=&#8221;1\/12&#8243;][\/vc_column][\/vc_row]<\/p>\n","protected":false},"author":1,"featured_media":0,"parent":0,"menu_order":0,"comment_status":"closed","ping_status":"closed","template":"","meta":{"footnotes":""},"class_list":["post-1175","page","type-page","status-publish","hentry"],"_links":{"self":[{"href":"https:\/\/clinicadentaldominguez.com\/ca\/wp-json\/wp\/v2\/pages\/1175","targetHints":{"allow":["GET"]}}],"collection":[{"href":"https:\/\/clinicadentaldominguez.com\/ca\/wp-json\/wp\/v2\/pages"}],"about":[{"href":"https:\/\/clinicadentaldominguez.com\/ca\/wp-json\/wp\/v2\/types\/page"}],"author":[{"embeddable":true,"href":"https:\/\/clinicadentaldominguez.com\/ca\/wp-json\/wp\/v2\/users\/1"}],"replies":[{"embeddable":true,"href":"https:\/\/clinicadentaldominguez.com\/ca\/wp-json\/wp\/v2\/comments?post=1175"}],"version-history":[{"count":7,"href":"https:\/\/clinicadentaldominguez.com\/ca\/wp-json\/wp\/v2\/pages\/1175\/revisions"}],"predecessor-version":[{"id":1554,"href":"https:\/\/clinicadentaldominguez.com\/ca\/wp-json\/wp\/v2\/pages\/1175\/revisions\/1554"}],"wp:attachment":[{"href":"https:\/\/clinicadentaldominguez.com\/ca\/wp-json\/wp\/v2\/media?parent=1175"}],"curies":[{"name":"wp","href":"https:\/\/api.w.org\/{rel}","templated":true}]}}