{"id":1239,"date":"2018-12-22T07:31:49","date_gmt":"2018-12-22T07:31:49","guid":{"rendered":"http:\/\/desarrollo.uican.es\/dominguez\/?page_id=1239"},"modified":"2019-01-08T10:32:23","modified_gmt":"2019-01-08T09:32:23","slug":"home","status":"publish","type":"page","link":"https:\/\/clinicadentaldominguez.com\/ca\/","title":{"rendered":"Home"},"content":{"rendered":"<section class=\"wpb-content-wrapper\"><p>[vc_row full_width=&#8221;stretch_row_content_no_spaces&#8221; hide_bg_image_on_tablet=&#8221;&#8221; hide_bg_image_on_mobile=&#8221;&#8221;][vc_column][rev_slider_vc alias=&#8221;home-11&#8243;][\/vc_column][\/vc_row][vc_row][vc_column]<div class=\"sc_layouts sc_layouts_default sc_layouts_1408\">[vc_row full_width=\"stretch_row\" css=\".vc_custom_1499417322037{background-color: #f4f7f7 !important;}\"][vc_column icons_position=\"left\"][vc_empty_space alter_height=\"large\" hide_on_desktop=\"\" hide_on_notebook=\"\" hide_on_tablet=\"\" hide_on_mobile=\"\" css=\".vc_custom_1543352157715{margin-top: -0.6rem !important;}\"]<div class=\"sc_services color_style_default sc_services_default sc_services_featured_top\"><h3 class=\"sc_item_title sc_services_title sc_align_center sc_item_title_style_default\">Qu\u00e8 oferim<\/h3><div class=\"sc_services_columns_wrap sc_item_columns sc_item_columns_3 trx_addons_columns_wrap columns_padding_bottom\"><div class=\"trx_addons_column-1_3\"><div class=\"sc_services_item with_content with_image sc_services_item_featured_top\">\n\t<div class=\"post_featured with_thumb hover_icon sc_services_item_thumb\"><img loading=\"lazy\" decoding=\"async\" width=\"370\" height=\"211\" src=\"https:\/\/clinicadentaldominguez.com\/wp-content\/uploads\/2017\/07\/laser.jpg\" class=\"attachment-prodent-thumb-med size-prodent-thumb-med wp-post-image\" alt=\"Tecnologia l\u00e0ser\" srcset=\"https:\/\/clinicadentaldominguez.com\/wp-content\/uploads\/2017\/07\/laser.jpg 787w, https:\/\/clinicadentaldominguez.com\/wp-content\/uploads\/2017\/07\/laser-300x171.jpg 300w, https:\/\/clinicadentaldominguez.com\/wp-content\/uploads\/2017\/07\/laser-768x437.jpg 768w, https:\/\/clinicadentaldominguez.com\/wp-content\/uploads\/2017\/07\/laser-370x211.jpg 370w, https:\/\/clinicadentaldominguez.com\/wp-content\/uploads\/2017\/07\/laser-760x433.jpg 760w, https:\/\/clinicadentaldominguez.com\/wp-content\/uploads\/2017\/07\/laser-740x421.jpg 740w\" sizes=\"auto, (max-width: 370px) 100vw, 370px\" \/><div class=\"mask\"><\/div><div class=\"icons\"><a href=\"https:\/\/clinicadentaldominguez.com\/ca\/services\/tecnologia-laser\/\" aria-hidden=\"true\" class=\"icon-icon12\"><\/a><\/div><\/div>\t\n\t<div class=\"sc_services_item_info\">\n\t\t<div class=\"sc_services_item_header\">\n\t\t\t<h4 class=\"sc_services_item_title\"><a href=\"https:\/\/clinicadentaldominguez.com\/ca\/services\/tecnologia-laser\/\">Tecnologia l\u00e0ser<\/a><\/h4>\n\t\t\t<div class=\"sc_services_item_subtitle\"><a href=\"https:\/\/clinicadentaldominguez.com\/ca\/services_group\/catalan-portada\/\" title=\"View all posts in [Catalan] Portada\">[Catalan] Portada, <\/a><a href=\"https:\/\/clinicadentaldominguez.com\/ca\/services_group\/serveis\/\" title=\"View all posts in Els nostres serveis\">Els nostres serveis<\/a><\/div>\n\t\t<\/div>\n\t\t\t\t\t<div class=\"sc_services_item_content\"><p>El l\u00e1ser permet realizar certes cirug\u00edes sense dolor, reduint el sagnat i en ocasions evita la necessitat de sutura. A m\u00e9s, te propietats bioestimulants, desinfectants y destoxicants que aporten un benefici extra a la zona operada. Sol ser especialment \u00fatil en la realitzaci\u00f3 de frenectomies, eliminaci\u00f3 de hemangiomes y tractament de l\u2019herpes labial.<\/p>\n<\/div>\n\t\t\t<div class=\"sc_services_item_button sc_item_button\"><a href=\"https:\/\/clinicadentaldominguez.com\/ca\/services\/tecnologia-laser\/\" class=\"sc_button sc_button_simple\">More info<\/a><\/div>\n\t\t\t<\/div>\n<\/div>\n<\/div><div class=\"trx_addons_column-1_3\"><div class=\"sc_services_item with_content with_image sc_services_item_featured_top\">\n\t<div class=\"post_featured with_thumb hover_icon sc_services_item_thumb\"><img loading=\"lazy\" decoding=\"async\" width=\"370\" height=\"211\" src=\"https:\/\/clinicadentaldominguez.com\/wp-content\/uploads\/2017\/07\/radiologia.jpg\" class=\"attachment-prodent-thumb-med size-prodent-thumb-med wp-post-image\" alt=\"Radiologia\" srcset=\"https:\/\/clinicadentaldominguez.com\/wp-content\/uploads\/2017\/07\/radiologia.jpg 787w, https:\/\/clinicadentaldominguez.com\/wp-content\/uploads\/2017\/07\/radiologia-300x171.jpg 300w, https:\/\/clinicadentaldominguez.com\/wp-content\/uploads\/2017\/07\/radiologia-768x437.jpg 768w, https:\/\/clinicadentaldominguez.com\/wp-content\/uploads\/2017\/07\/radiologia-370x211.jpg 370w, https:\/\/clinicadentaldominguez.com\/wp-content\/uploads\/2017\/07\/radiologia-760x433.jpg 760w, https:\/\/clinicadentaldominguez.com\/wp-content\/uploads\/2017\/07\/radiologia-740x421.jpg 740w\" sizes=\"auto, (max-width: 370px) 100vw, 370px\" \/><div class=\"mask\"><\/div><div class=\"icons\"><a href=\"https:\/\/clinicadentaldominguez.com\/ca\/services\/radiologia\/\" aria-hidden=\"true\" class=\"icon-icon12\"><\/a><\/div><\/div>\t\n\t<div class=\"sc_services_item_info\">\n\t\t<div class=\"sc_services_item_header\">\n\t\t\t<h4 class=\"sc_services_item_title\"><a href=\"https:\/\/clinicadentaldominguez.com\/ca\/services\/radiologia\/\">Radiologia<\/a><\/h4>\n\t\t\t<div class=\"sc_services_item_subtitle\"><a href=\"https:\/\/clinicadentaldominguez.com\/ca\/services_group\/catalan-portada\/\" title=\"View all posts in [Catalan] Portada\">[Catalan] Portada, <\/a><a href=\"https:\/\/clinicadentaldominguez.com\/ca\/services_group\/serveis\/\" title=\"View all posts in Els nostres serveis\">Els nostres serveis<\/a><\/div>\n\t\t<\/div>\n\t\t\t\t\t<div class=\"sc_services_item_content\"><p>Disponemos de un CBCT, una de las herramientas m\u00e1s innovadoras del campo odontol\u00f3gico en el diagn\u00f3stico radiogr\u00e1fico. Es un equipo de TAC 3D que nos permite obtener diagn\u00f3sticos m\u00e1s precisos, permitiendo los mejores tratamientos con una irradiaci\u00f3n m\u00ednima para el paciente. Controlamos los niveles de radiaci\u00f3n emitida de los aparatos para asegurar que todo funciona a la perfecci\u00f3n.<\/p>\n<\/div>\n\t\t\t<div class=\"sc_services_item_button sc_item_button\"><a href=\"https:\/\/clinicadentaldominguez.com\/ca\/services\/radiologia\/\" class=\"sc_button sc_button_simple\">More info<\/a><\/div>\n\t\t\t<\/div>\n<\/div>\n<\/div><div class=\"trx_addons_column-1_3\"><div class=\"sc_services_item with_content with_image sc_services_item_featured_top\">\n\t<div class=\"post_featured with_thumb hover_icon sc_services_item_thumb\"><img loading=\"lazy\" decoding=\"async\" width=\"370\" height=\"211\" src=\"https:\/\/clinicadentaldominguez.com\/wp-content\/uploads\/2017\/07\/boxs.jpg\" class=\"attachment-prodent-thumb-med size-prodent-thumb-med wp-post-image\" alt=\"Boxs amb encant\" srcset=\"https:\/\/clinicadentaldominguez.com\/wp-content\/uploads\/2017\/07\/boxs.jpg 787w, https:\/\/clinicadentaldominguez.com\/wp-content\/uploads\/2017\/07\/boxs-300x171.jpg 300w, https:\/\/clinicadentaldominguez.com\/wp-content\/uploads\/2017\/07\/boxs-768x437.jpg 768w, https:\/\/clinicadentaldominguez.com\/wp-content\/uploads\/2017\/07\/boxs-370x211.jpg 370w, https:\/\/clinicadentaldominguez.com\/wp-content\/uploads\/2017\/07\/boxs-760x433.jpg 760w, https:\/\/clinicadentaldominguez.com\/wp-content\/uploads\/2017\/07\/boxs-740x421.jpg 740w\" sizes=\"auto, (max-width: 370px) 100vw, 370px\" \/><div class=\"mask\"><\/div><div class=\"icons\"><a href=\"https:\/\/clinicadentaldominguez.com\/ca\/services\/boxs\/\" aria-hidden=\"true\" class=\"icon-icon12\"><\/a><\/div><\/div>\t\n\t<div class=\"sc_services_item_info\">\n\t\t<div class=\"sc_services_item_header\">\n\t\t\t<h4 class=\"sc_services_item_title\"><a href=\"https:\/\/clinicadentaldominguez.com\/ca\/services\/boxs\/\">Boxs amb encant<\/a><\/h4>\n\t\t\t<div class=\"sc_services_item_subtitle\"><a href=\"https:\/\/clinicadentaldominguez.com\/ca\/services_group\/catalan-portada\/\" title=\"View all posts in [Catalan] Portada\">[Catalan] Portada, <\/a><a href=\"https:\/\/clinicadentaldominguez.com\/ca\/services_group\/serveis\/\" title=\"View all posts in Els nostres serveis\">Els nostres serveis<\/a><\/div>\n\t\t<\/div>\n\t\t\t\t\t<div class=\"sc_services_item_content\"><p>Preparados para poder realizar operaciones quir\u00fargicas en las m\u00e1ximas medidas de seguridad e higiene. Disponen de un techo iluminado con im\u00e1genes de naturaleza y m\u00fasica ambiental que ayuda a relajarte mientras recibes el tratamiento. Disponemos de los equipos dentales m\u00e1s avanzados del mercado. Todo el material se renueva constantemente para asegurar la mejor asistencia m\u00e9dica.<\/p>\n<\/div>\n\t\t\t<div class=\"sc_services_item_button sc_item_button\"><a href=\"https:\/\/clinicadentaldominguez.com\/ca\/services\/boxs\/\" class=\"sc_button sc_button_simple\">More info<\/a><\/div>\n\t\t\t<\/div>\n<\/div>\n<\/div><\/div><\/div><!-- \/.sc_services -->[vc_empty_space alter_height=\"large\" hide_on_desktop=\"\" hide_on_notebook=\"\" hide_on_tablet=\"\" hide_on_mobile=\"\" css=\".vc_custom_1543352161220{margin-top: -0.6rem !important;}\"][\/vc_column][\/vc_row]<\/div>[\/vc_column][\/vc_row][vc_row][vc_column]<div class=\"sc_layouts sc_layouts_default sc_layouts_1417\">[vc_row full_width=\"stretch_row\" hide_bg_image_on_tablet=\"\" hide_bg_image_on_mobile=\"\" css=\".vc_custom_1505208383149{background-image: url(http:\/\/clinicadentaldominguez.com\/wp-content\/uploads\/2017\/07\/team_bg.jpg?id=442) !important;background-position: center !important;background-repeat: no-repeat !important;background-size: cover !important;}\"][vc_column icons_position=\"left\"][vc_empty_space alter_height=\"medium\" hide_on_desktop=\"\" hide_on_notebook=\"\" hide_on_tablet=\"\" hide_on_mobile=\"\" css=\".vc_custom_1505207263754{margin-top: -0.2rem !important;}\"]<div class=\"sc_team color_style_default sc_team_short\"><div class=\"sc_team_columns_wrap sc_item_columns trx_addons_columns_wrap columns_padding_bottom\"><div class=\"trx_addons_column-1_4\"><div class=\"sc_team_item\">\n\t<div class=\"post_featured sc_team_item_thumb trx_addons_hover trx_addons_hover_style_info\">\n\t\t\t\t\t\t\t\t\t\t<a href=\"https:\/\/clinicadentaldominguez.com\/ca\/team\/felip-dominguez-cascon\/\" aria-hidden=\"true\"><img loading=\"lazy\" decoding=\"async\" width=\"270\" height=\"298\" src=\"https:\/\/clinicadentaldominguez.com\/wp-content\/uploads\/2017\/07\/IMG7254-270x298.jpg\" class=\"attachment-prodent-thumb-team size-prodent-thumb-team wp-post-image\" alt=\"Dr. Felip Dom\u00ednguez Casc\u00f3n\" \/><\/a>\n\t\t\t\t\t<div class=\"trx_addons_hover_content\"><div class=\"sc_team_item_socials socials_wrap trx_addons_hover_info\"><\/div><\/div><div class=\"trx_addons_hover_mask\"><\/div><\/div>\t<div class=\"sc_team_item_info\">\n\t\t<div class=\"sc_team_item_header\">\n\t\t\t<h4 class=\"sc_team_item_title\"><a href=\"https:\/\/clinicadentaldominguez.com\/ca\/team\/felip-dominguez-cascon\/\">Dr. Felip Dom\u00ednguez Casc\u00f3n<\/a><\/h4>\n\t\t\t<div class=\"sc_team_item_subtitle\">Dentista<\/div>\n\t\t<\/div>\n\t<\/div>\n<\/div>\n<\/div><div class=\"trx_addons_column-1_4\"><div class=\"sc_team_item\">\n\t<div class=\"post_featured sc_team_item_thumb trx_addons_hover trx_addons_hover_style_info\">\n\t\t\t\t\t\t\t\t\t\t<a href=\"https:\/\/clinicadentaldominguez.com\/ca\/team\/eduard-dominguez-cardoner\/\" aria-hidden=\"true\"><img loading=\"lazy\" decoding=\"async\" width=\"270\" height=\"298\" src=\"https:\/\/clinicadentaldominguez.com\/wp-content\/uploads\/2017\/07\/IMG7256-270x298.jpg\" class=\"attachment-prodent-thumb-team size-prodent-thumb-team wp-post-image\" alt=\"Dr. Eduard Dom\u00ednguez Cardoner\" \/><\/a>\n\t\t\t\t\t<div class=\"trx_addons_hover_content\"><div class=\"sc_team_item_socials socials_wrap trx_addons_hover_info\"><\/div><\/div><div class=\"trx_addons_hover_mask\"><\/div><\/div>\t<div class=\"sc_team_item_info\">\n\t\t<div class=\"sc_team_item_header\">\n\t\t\t<h4 class=\"sc_team_item_title\"><a href=\"https:\/\/clinicadentaldominguez.com\/ca\/team\/eduard-dominguez-cardoner\/\">Dr. Eduard Dom\u00ednguez Cardoner<\/a><\/h4>\n\t\t\t<div class=\"sc_team_item_subtitle\">Dentista<\/div>\n\t\t<\/div>\n\t<\/div>\n<\/div>\n<\/div><div class=\"trx_addons_column-1_4\"><div class=\"sc_team_item\">\n\t<div class=\"post_featured sc_team_item_thumb trx_addons_hover trx_addons_hover_style_info\">\n\t\t\t\t\t\t\t\t\t\t<a href=\"https:\/\/clinicadentaldominguez.com\/ca\/team\/dr-alex-coredero\/\" aria-hidden=\"true\"><img loading=\"lazy\" decoding=\"async\" width=\"270\" height=\"298\" src=\"https:\/\/clinicadentaldominguez.com\/wp-content\/uploads\/2017\/07\/IMG7253-270x298.jpg\" class=\"attachment-prodent-thumb-team size-prodent-thumb-team wp-post-image\" alt=\"Marta Agust\u00ed\" \/><\/a>\n\t\t\t\t\t<div class=\"trx_addons_hover_content\"><div class=\"sc_team_item_socials socials_wrap trx_addons_hover_info\"><\/div><\/div><div class=\"trx_addons_hover_mask\"><\/div><\/div>\t<div class=\"sc_team_item_info\">\n\t\t<div class=\"sc_team_item_header\">\n\t\t\t<h4 class=\"sc_team_item_title\"><a href=\"https:\/\/clinicadentaldominguez.com\/ca\/team\/dr-alex-coredero\/\">Marta Agust\u00ed<\/a><\/h4>\n\t\t\t<div class=\"sc_team_item_subtitle\">Auxiliar<\/div>\n\t\t<\/div>\n\t<\/div>\n<\/div>\n<\/div><div class=\"trx_addons_column-1_4\"><div class=\"sc_team_item\">\n\t<div class=\"post_featured sc_team_item_thumb trx_addons_hover trx_addons_hover_style_info\">\n\t\t\t\t\t\t\t\t\t\t<a href=\"https:\/\/clinicadentaldominguez.com\/ca\/team\/merce_sitjar\/\" aria-hidden=\"true\"><img loading=\"lazy\" decoding=\"async\" width=\"270\" height=\"298\" src=\"https:\/\/clinicadentaldominguez.com\/wp-content\/uploads\/2017\/07\/IMG7255-270x298.jpg\" class=\"attachment-prodent-thumb-team size-prodent-thumb-team wp-post-image\" alt=\"Merc\u00e8 Sitjar\" \/><\/a>\n\t\t\t\t\t<div class=\"trx_addons_hover_content\"><div class=\"sc_team_item_socials socials_wrap trx_addons_hover_info\"><\/div><\/div><div class=\"trx_addons_hover_mask\"><\/div><\/div>\t<div class=\"sc_team_item_info\">\n\t\t<div class=\"sc_team_item_header\">\n\t\t\t<h4 class=\"sc_team_item_title\"><a href=\"https:\/\/clinicadentaldominguez.com\/ca\/team\/merce_sitjar\/\">Merc\u00e8 Sitjar<\/a><\/h4>\n\t\t\t<div class=\"sc_team_item_subtitle\">Auxiliar<\/div>\n\t\t<\/div>\n\t<\/div>\n<\/div>\n<\/div><\/div><\/div><!-- \/.sc_team -->[vc_empty_space alter_height=\"small\" hide_on_desktop=\"\" hide_on_notebook=\"\" hide_on_tablet=\"\" hide_on_mobile=\"\" css=\".vc_custom_1505208055251{margin-top: -0.2rem !important;}\"][vc_empty_space alter_height=\"medium\" hide_on_desktop=\"\" hide_on_notebook=\"\" hide_on_tablet=\"\" hide_on_mobile=\"\"][\/vc_column][\/vc_row]<\/div>[\/vc_column][\/vc_row][vc_row scheme=&#8221;default&#8221; hide_bg_image_on_tablet=&#8221;&#8221; hide_bg_image_on_mobile=&#8221;&#8221;][vc_column]<div class=\"sc_layouts sc_layouts_default sc_layouts_1243\">[vc_row full_width=\"stretch_row\"][vc_column scheme=\"default\" fix_column=\"\" hide_bg_image_on_tablet=\"\" hide_bg_image_on_mobile=\"\" icons_position=\"left\"][vc_empty_space alter_height=\"large\" hide_on_desktop=\"\" hide_on_notebook=\"\" hide_on_tablet=\"\" hide_on_mobile=\"\"]<div id=\"\"\n\t\tclass=\"sc_title color_style_default sc_title_default\"><h3 class=\"sc_item_title sc_title_title sc_align_center sc_item_title_style_default\">Com contactar<\/h3><\/div><!-- \/.sc_title -->[vc_empty_space alter_height=\"medium\" hide_on_desktop=\"\" hide_on_notebook=\"\" hide_on_tablet=\"\" hide_on_mobile=\"\" css=\".vc_custom_1505370701819{margin-top: 0.8rem !important;}\"]<div id=\"\" \n\tclass=\"sc_icons sc_icons_default sc_icons_size_small sc_align_center\"><div class=\"sc_icons_columns_wrap sc_item_columns trx_addons_columns_wrap columns_padding_bottom\"><div class=\"trx_addons_column-1_3\"><div class=\"sc_icons_item sc_icons_item_linked\"><div id=\"_icon-icon7\" class=\"sc_icons_icon sc_icon_type_ icon-icon7\"\n\t\t\t\t\t\t\t\t\t\t\t\t><span class=\"sc_icon_type_ icon-icon7\"><\/span><\/div><div class=\"sc_icons_item_description\"><span>Pg. Maragall, 311-317, ent, C, esc A<\/span><span>08032 Barcelona<\/span><\/div><a href=\"https:\/\/www.google.com\/maps\/place\/Cl%C3%ADnica+Dental+Dom%C3%ADnguez\/@41.4270969,2.1675249,17z\/data=!4m12!1m6!3m5!1s0x12a4bd9949b6f741:0xbb51c6bd2ad4ed42!2sCl%C3%ADnica+Dental+Dom%C3%ADnguez!8m2!3d41.4270969!4d2.1697136!3m4!1s0x12a4bd9949b6f741:0xbb51c6bd2ad4ed42!8m2!3d41.4270969!4d2.1697136\" class=\"sc_icons_item_link\"><\/a><\/div><\/div><div class=\"trx_addons_column-1_3\"><div class=\"sc_icons_item sc_icons_item_linked\"><div id=\"_icon-icon8\" class=\"sc_icons_icon sc_icon_type_ icon-icon8\"\n\t\t\t\t\t\t\t\t\t\t\t\t><span class=\"sc_icon_type_ icon-icon8\"><\/span><\/div><div class=\"sc_icons_item_description\"><span>933 58 16 94<\/span><span>659 214 178<\/span><\/div><a href=\"tel:933581694\" class=\"sc_icons_item_link\"><\/a><\/div><\/div><div class=\"trx_addons_column-1_3\"><div class=\"sc_icons_item\"><div id=\"_icon-icon10\" class=\"sc_icons_icon sc_icon_type_ icon-icon10\"\n\t\t\t\t\t\t\t\t\t\t\t\t><span class=\"sc_icon_type_ icon-icon10\"><\/span><\/div><div class=\"sc_icons_item_description\"><span>Dill - Dij: 9-14 y 15-20<\/span><span>Div: 9-14<\/span><\/div><\/div><\/div><\/div><\/div><!-- \/.sc_icons -->[vc_empty_space alter_height=\"large\" hide_on_desktop=\"\" hide_on_notebook=\"\" hide_on_tablet=\"\" hide_on_mobile=\"\" css=\".vc_custom_1505370759969{margin-top: -1.2rem !important;}\"][\/vc_column][\/vc_row]<\/div>[\/vc_column][\/vc_row][vc_row full_width=&#8221;stretch_row_content_no_spaces&#8221;][vc_column]<div id=\"_wrap\" class=\"sc_googlemap_wrap\"><div id=\"\"\n\t\t\tclass=\"sc_googlemap sc_googlemap_default\"\n\t\t\t style=\"width:100%;height:345px;\"\t\t\tdata-zoom=\"13\"\n\t\t\tdata-style=\"default\"\n\t\t\tdata-cluster-icon=\"\"\n        ><div id=\"_1\" class=\"sc_googlemap_marker\"\n                           data-latlng=\"41.427098,2.169714\"\n                           data-address=\"\"\n                           data-description=\"\"\n                           data-title=\"One\"\n                           data-animation=\"\"\n                           data-icon=\"\"\n                           data-icon_shadow=\"\"\n                           data-icon_width=\"\"\n                           data-icon_height=\"\"\n                    ><\/div><\/div><\/div><!-- \/.sc_googlemap_wrap -->[\/vc_column][\/vc_row]<\/p>\n<\/section>","protected":false},"excerpt":{"rendered":"<p>[vc_row full_width=&#8221;stretch_row_content_no_spaces&#8221; hide_bg_image_on_tablet=&#8221;&#8221; hide_bg_image_on_mobile=&#8221;&#8221;][vc_column][rev_slider_vc alias=&#8221;home-11&#8243;][\/vc_column][\/vc_row][vc_row][vc_column][\/vc_column][\/vc_row][vc_row][vc_column][\/vc_column][\/vc_row][vc_row scheme=&#8221;default&#8221; hide_bg_image_on_tablet=&#8221;&#8221; hide_bg_image_on_mobile=&#8221;&#8221;][vc_column][\/vc_column][\/vc_row][vc_row full_width=&#8221;stretch_row_content_no_spaces&#8221;][vc_column][\/vc_column][\/vc_row]<\/p>\n","protected":false},"author":1,"featured_media":0,"parent":0,"menu_order":0,"comment_status":"closed","ping_status":"closed","template":"","meta":{"footnotes":""},"class_list":["post-1239","page","type-page","status-publish","hentry"],"_links":{"self":[{"href":"https:\/\/clinicadentaldominguez.com\/ca\/wp-json\/wp\/v2\/pages\/1239","targetHints":{"allow":["GET"]}}],"collection":[{"href":"https:\/\/clinicadentaldominguez.com\/ca\/wp-json\/wp\/v2\/pages"}],"about":[{"href":"https:\/\/clinicadentaldominguez.com\/ca\/wp-json\/wp\/v2\/types\/page"}],"author":[{"embeddable":true,"href":"https:\/\/clinicadentaldominguez.com\/ca\/wp-json\/wp\/v2\/users\/1"}],"replies":[{"embeddable":true,"href":"https:\/\/clinicadentaldominguez.com\/ca\/wp-json\/wp\/v2\/comments?post=1239"}],"version-history":[{"count":4,"href":"https:\/\/clinicadentaldominguez.com\/ca\/wp-json\/wp\/v2\/pages\/1239\/revisions"}],"predecessor-version":[{"id":2132,"href":"https:\/\/clinicadentaldominguez.com\/ca\/wp-json\/wp\/v2\/pages\/1239\/revisions\/2132"}],"wp:attachment":[{"href":"https:\/\/clinicadentaldominguez.com\/ca\/wp-json\/wp\/v2\/media?parent=1239"}],"curies":[{"name":"wp","href":"https:\/\/api.w.org\/{rel}","templated":true}]}}