{"id":1244,"date":"2018-12-26T18:50:53","date_gmt":"2018-12-26T18:50:53","guid":{"rendered":"http:\/\/desarrollo.uican.es\/dominguez\/?page_id=1244"},"modified":"2018-12-26T18:54:55","modified_gmt":"2018-12-26T18:54:55","slug":"financiacio","status":"publish","type":"page","link":"https:\/\/clinicadentaldominguez.com\/ca\/financiacio\/","title":{"rendered":"Financiaci\u00f3"},"content":{"rendered":"<section class=\"wpb-content-wrapper\"><p>[vc_row][vc_column][vc_column_text]Et podem facilitar la financiaci\u00f3 dels tractaments, directament des de la nostra cl\u00ednica a trav\u00e9s de Caixabank.[\/vc_column_text][\/vc_column][\/vc_row]<\/p>\n<\/section>","protected":false},"excerpt":{"rendered":"<p>[vc_row][vc_column][vc_column_text]Et podem facilitar la financiaci\u00f3 dels tractaments, directament des de la nostra cl\u00ednica a trav\u00e9s de Caixabank.[\/vc_column_text][\/vc_column][\/vc_row]<\/p>\n","protected":false},"author":1,"featured_media":0,"parent":0,"menu_order":0,"comment_status":"closed","ping_status":"closed","template":"","meta":{"footnotes":""},"class_list":["post-1244","page","type-page","status-publish","hentry"],"_links":{"self":[{"href":"https:\/\/clinicadentaldominguez.com\/ca\/wp-json\/wp\/v2\/pages\/1244","targetHints":{"allow":["GET"]}}],"collection":[{"href":"https:\/\/clinicadentaldominguez.com\/ca\/wp-json\/wp\/v2\/pages"}],"about":[{"href":"https:\/\/clinicadentaldominguez.com\/ca\/wp-json\/wp\/v2\/types\/page"}],"author":[{"embeddable":true,"href":"https:\/\/clinicadentaldominguez.com\/ca\/wp-json\/wp\/v2\/users\/1"}],"replies":[{"embeddable":true,"href":"https:\/\/clinicadentaldominguez.com\/ca\/wp-json\/wp\/v2\/comments?post=1244"}],"version-history":[{"count":2,"href":"https:\/\/clinicadentaldominguez.com\/ca\/wp-json\/wp\/v2\/pages\/1244\/revisions"}],"predecessor-version":[{"id":1246,"href":"https:\/\/clinicadentaldominguez.com\/ca\/wp-json\/wp\/v2\/pages\/1244\/revisions\/1246"}],"wp:attachment":[{"href":"https:\/\/clinicadentaldominguez.com\/ca\/wp-json\/wp\/v2\/media?parent=1244"}],"curies":[{"name":"wp","href":"https:\/\/api.w.org\/{rel}","templated":true}]}}