{"id":1356,"date":"2018-12-27T19:47:46","date_gmt":"2018-12-27T19:47:46","guid":{"rendered":"http:\/\/desarrollo.uican.es\/dominguez\/?page_id=1356"},"modified":"2019-01-02T07:48:20","modified_gmt":"2019-01-02T07:48:20","slug":"politica-de-privacitat","status":"publish","type":"page","link":"https:\/\/clinicadentaldominguez.com\/ca\/politica-de-privacitat\/","title":{"rendered":"Pol\u00edtica de privacitat"},"content":{"rendered":"<section class=\"wpb-content-wrapper\"><p>[vc_row][vc_column]<div id=\"\"\n\t\tclass=\"sc_title color_style_default sc_title_default\"><h3 class=\"sc_item_title sc_title_title sc_align_left sc_item_title_style_default\">Pol\u00edtica de privacitat<\/h3><\/div><!-- \/.sc_title -->[vc_empty_space alter_height=&#8221;medium&#8221; hide_on_desktop=&#8221;&#8221; hide_on_notebook=&#8221;&#8221; hide_on_tablet=&#8221;&#8221; hide_on_mobile=&#8221;&#8221;][vc_column_text]El present Pol\u00edtica de Privacitat estableix els termes en qu\u00e8 Cl\u00ednica Dental Dominguez usa i protegeix la informaci\u00f3 que \u00e9s proporcionada pels seus usuaris al moment d&#8217;utilitzar el seu lloc web. Aquesta companyia est\u00e0 compromesa amb la seguretat de les dades dels seus usuaris. Quan li demanem omplir els camps d&#8217;informaci\u00f3 personal amb la qual vost\u00e8 pugui ser identificat, ho fem assegurant que nom\u00e9s es far\u00e0 servir d&#8217;acord amb els termes d&#8217;aquest document. No obstant aix\u00f2 aquesta pol\u00edtica de privacitat pot canviar amb el temps o ser actualitzada pel que li recomanem i emfatitzem revisar cont\u00ednuament aquesta p\u00e0gina per assegurar-se que est\u00e0 d&#8217;acord amb aquests canvis. <\/p>\n<p><strong> Informaci\u00f3 que \u00e9s recollida <\/strong> <\/p>\n<p>El nostre lloc web podr\u00e0 recollir informaci\u00f3 personal per exemple: Nom, informaci\u00f3 de contacte com la seva adre\u00e7a de correu electr\u00f2nica i informaci\u00f3 demogr\u00e0fica. Aix\u00ed mateix quan sigui necessari podr\u00e0 ser requerida informaci\u00f3 espec\u00edfica per processar alguna comanda o realitzar un lliurament o facturaci\u00f3. <\/p>\n<p><strong> \u00das de la informaci\u00f3 recollida <\/strong> <\/p>\n<p>El nostre lloc web empra la informaci\u00f3 per tal de proporcionar el millor servei possible, particularment per mantenir un registre d&#8217;usuaris, de comandes en cas que apliqui, i millorar els nostres productes i serveis. \u00c9s possible que siguin enviats correus electr\u00f2nics peri\u00f2dicament a trav\u00e9s del nostre lloc amb ofertes especials, nous productes i altra informaci\u00f3 publicit\u00e0ria que considerem rellevant per a vost\u00e8 o que pugui brindar algun benefici, aquests correus electr\u00f2nics seran enviats a l&#8217;adre\u00e7a que vost\u00e8 proporcioni i podran ser cancel\u00b7lats en qualsevol moment. <\/p>\n<p> Cl\u00ednica Dental Dominguez est\u00e0 altament comprom\u00e8s per complir amb el comprom\u00eds de mantenir la seva informaci\u00f3 segura. Fem servir els sistemes m\u00e9s avan\u00e7ats i els actualitzem constantment per assegurar-nos que no hi hagi cap acc\u00e9s no autoritzat. <\/p>\n<p><strong> Galetes <\/strong> <\/p>\n<p>Una galeta es refereix a un fitxer que \u00e9s enviat amb la finalitat de sol\u00b7licitar perm\u00eds per emmagatzemar en el seu ordinador, en acceptar aquest fitxer es crea i la galeta serveix llavors per tenir informaci\u00f3 respecte al tr\u00e0nsit web, i tamb\u00e9 facilita les futures visites a un web recurrent. Una altra funci\u00f3 que tenen les galetes \u00e9s que amb elles les web poden recon\u00e8ixer individualment i per tant brindar-te el millor servei personalitzat de la seva web. <\/p>\n<p>El nostre lloc web fa servir galetes per a poder identificar les p\u00e0gines que s\u00f3n visitades i la seva freq\u00fc\u00e8ncia. Aquesta informaci\u00f3 \u00e9s emprada \u00fanicament per a an\u00e0lisi estad\u00edstica i despr\u00e9s la informaci\u00f3 s&#8217;elimina de forma permanent. Vost\u00e8 pot eliminar les galetes en qualsevol moment des del seu ordinador. No obstant aix\u00f2 les galetes ajuden a proporcionar un millor servei dels llocs web, est\u00e0s no donen acc\u00e9s a informaci\u00f3 del seu ordinador ni de vost\u00e8, a menys que vost\u00e8 aix\u00ed ho vulgui i la proporcioni directament. Vost\u00e8 pot acceptar o negar l&#8217;\u00fas de cookies, per\u00f2 la majoria de navegadors accepten galetes autom\u00e0ticament ja que serveix per tenir un millor servei web. Tamb\u00e9 vost\u00e8 pot canviar la configuraci\u00f3 del seu ordinador per declinar les galetes. Si es declinen \u00e9s possible que no pugui utilitzar alguns dels nostres serveis. <\/p>\n<p> <strong> Enlla\u00e7os a Tercers <\/strong> <\/p>\n<p> Aquest lloc web pogu\u00e9s contenir en lla\u00e7os a altres llocs que puguin ser del seu inter\u00e8s. Una vegada que vost\u00e8 de clic en aquests enlla\u00e7os i abandoni la nostra p\u00e0gina, ja no tenim control sobre al lloc al qual \u00e9s redirigit i per tant no som responsables dels termes o privacitat ni de la protecci\u00f3 de les seves dades en aquests altres llocs tercers. Aquests llocs estan subjectes a les seves pr\u00f2pies pol\u00edtiques de privacitat per la qual cosa \u00e9s recomanable que els consulti per confirmar que vost\u00e8 est\u00e0 d&#8217;acord amb aquestes. <\/p>\n<p><strong> Control de la seva informaci\u00f3 personal <\/strong> <\/p>\n<p>En qualsevol moment vost\u00e8 pot restringir la recopilaci\u00f3 o l&#8217;\u00fas de la informaci\u00f3 personal que \u00e9s proporcionada al nostre lloc web. Cada vegada que se li demani omplir un formulari, com el d&#8217;alta d&#8217;usuari, pot canviar la selecci\u00f3 l&#8217;opci\u00f3 de rebre informaci\u00f3 per correu electr\u00f2nic. En cas que hagi marcat l&#8217;opci\u00f3 de rebre el nostre butllet\u00ed o publicitat vost\u00e8 pot cancel\u00b7lar-la en qualsevol moment.<\/p>\n<p>Aquesta companyia no vendr\u00e0, cedir\u00e0 o distribuir\u00e0 la informaci\u00f3 personal que \u00e9s recopilada sense el seu consentiment, llevat que sigui requerit per un jutge amb un ordre judicial. <\/p>\n<p> Cl\u00ednica Dental Dominguez es reserva el dret de canviar els termes de la present Pol\u00edtica de Privacitat en qualsevol moment.[\/vc_column_text][\/vc_column][\/vc_row]<\/p>\n<\/section>","protected":false},"excerpt":{"rendered":"<p>[vc_row][vc_column][vc_empty_space alter_height=&#8221;medium&#8221; hide_on_desktop=&#8221;&#8221; hide_on_notebook=&#8221;&#8221; hide_on_tablet=&#8221;&#8221; hide_on_mobile=&#8221;&#8221;][vc_column_text]El present Pol\u00edtica de Privacitat estableix els termes en qu\u00e8 Cl\u00ednica Dental Dominguez usa i protegeix la informaci\u00f3 que \u00e9s proporcionada pels seus usuaris al moment d&#8217;utilitzar el seu lloc web. Aquesta companyia est\u00e0 compromesa amb la seguretat de les dades dels seus usuaris. Quan li demanem omplir els camps d&#8217;informaci\u00f3 personal amb la qual&hellip;<\/p>\n","protected":false},"author":1,"featured_media":0,"parent":0,"menu_order":0,"comment_status":"closed","ping_status":"closed","template":"","meta":{"footnotes":""},"class_list":["post-1356","page","type-page","status-publish","hentry"],"_links":{"self":[{"href":"https:\/\/clinicadentaldominguez.com\/ca\/wp-json\/wp\/v2\/pages\/1356","targetHints":{"allow":["GET"]}}],"collection":[{"href":"https:\/\/clinicadentaldominguez.com\/ca\/wp-json\/wp\/v2\/pages"}],"about":[{"href":"https:\/\/clinicadentaldominguez.com\/ca\/wp-json\/wp\/v2\/types\/page"}],"author":[{"embeddable":true,"href":"https:\/\/clinicadentaldominguez.com\/ca\/wp-json\/wp\/v2\/users\/1"}],"replies":[{"embeddable":true,"href":"https:\/\/clinicadentaldominguez.com\/ca\/wp-json\/wp\/v2\/comments?post=1356"}],"version-history":[{"count":5,"href":"https:\/\/clinicadentaldominguez.com\/ca\/wp-json\/wp\/v2\/pages\/1356\/revisions"}],"predecessor-version":[{"id":1519,"href":"https:\/\/clinicadentaldominguez.com\/ca\/wp-json\/wp\/v2\/pages\/1356\/revisions\/1519"}],"wp:attachment":[{"href":"https:\/\/clinicadentaldominguez.com\/ca\/wp-json\/wp\/v2\/media?parent=1356"}],"curies":[{"name":"wp","href":"https:\/\/api.w.org\/{rel}","templated":true}]}}