{"id":1359,"date":"2017-07-04T08:12:09","date_gmt":"2017-07-04T08:12:09","guid":{"rendered":"http:\/\/desarrollo.uican.es\/dominguez\/equipo\/"},"modified":"2019-01-31T12:42:37","modified_gmt":"2019-01-31T11:42:37","slug":"equip","status":"publish","type":"page","link":"https:\/\/clinicadentaldominguez.com\/ca\/equip\/","title":{"rendered":"Equip"},"content":{"rendered":"<section class=\"wpb-content-wrapper\"><p>[vc_row hide_bg_image_on_tablet=&#8221;&#8221; hide_bg_image_on_mobile=&#8221;&#8221; el_class=&#8221;team&#8221;][vc_column][vc_empty_space alter_height=&#8221;medium&#8221; hide_on_desktop=&#8221;&#8221; hide_on_notebook=&#8221;&#8221; hide_on_tablet=&#8221;&#8221; hide_on_mobile=&#8221;&#8221;]<div id=\"\"\n\t\tclass=\"sc_title color_style_default sc_title_default  vc_custom_1545940392187\"><h3 class=\"sc_item_title sc_title_title sc_align_left sc_item_title_style_default\">El nostre equip<\/h3><\/div><!-- \/.sc_title -->[vc_column_text]Tot el nostre personal, que \u00e9s d\u2019una alta qualitat humana, est\u00e0 preparat per atendre\u2019t i per ajudar-te mentre estiguis amb nosaltres.<\/p>\n<p>Els nostres dentistes tenen una formaci\u00f3 cl\u00ednica excel\u00b7lent i estant en continua formaci\u00f3 per asegura-te els tractaments m\u00e9s actuals i adequats per a tu.<br \/>\nVolem donar a cada pacient el tractament que necesita segons les seves necessitats, aconseguint bons resultats a llarg termini. Busquem els tractaments m\u00e9s conservadors i asequibles per\u00f2 que donin el millor resultat funcional i est\u00e8tic.[\/vc_column_text]<div class=\"sc_layouts sc_layouts_default sc_layouts_1417\">[vc_row full_width=\"stretch_row\" hide_bg_image_on_tablet=\"\" hide_bg_image_on_mobile=\"\" css=\".vc_custom_1505208383149{background-image: url(http:\/\/clinicadentaldominguez.com\/wp-content\/uploads\/2017\/07\/team_bg.jpg?id=442) !important;background-position: center !important;background-repeat: no-repeat !important;background-size: cover !important;}\"][vc_column icons_position=\"left\"][vc_empty_space alter_height=\"medium\" hide_on_desktop=\"\" hide_on_notebook=\"\" hide_on_tablet=\"\" hide_on_mobile=\"\" css=\".vc_custom_1505207263754{margin-top: -0.2rem !important;}\"]<div class=\"sc_team color_style_default sc_team_short\"><div class=\"sc_team_columns_wrap sc_item_columns trx_addons_columns_wrap columns_padding_bottom\"><div class=\"trx_addons_column-1_4\"><div class=\"sc_team_item\">\n\t<div class=\"post_featured sc_team_item_thumb trx_addons_hover trx_addons_hover_style_info\">\n\t\t\t\t\t\t\t\t\t\t<a href=\"https:\/\/clinicadentaldominguez.com\/ca\/team\/felip-dominguez-cascon\/\" aria-hidden=\"true\"><img loading=\"lazy\" decoding=\"async\" width=\"270\" height=\"298\" src=\"https:\/\/clinicadentaldominguez.com\/wp-content\/uploads\/2017\/07\/IMG7254-270x298.jpg\" class=\"attachment-prodent-thumb-team size-prodent-thumb-team wp-post-image\" alt=\"Dr. Felip Dom\u00ednguez Casc\u00f3n\" \/><\/a>\n\t\t\t\t\t<div class=\"trx_addons_hover_content\"><div class=\"sc_team_item_socials socials_wrap trx_addons_hover_info\"><\/div><\/div><div class=\"trx_addons_hover_mask\"><\/div><\/div>\t<div class=\"sc_team_item_info\">\n\t\t<div class=\"sc_team_item_header\">\n\t\t\t<h4 class=\"sc_team_item_title\"><a href=\"https:\/\/clinicadentaldominguez.com\/ca\/team\/felip-dominguez-cascon\/\">Dr. Felip Dom\u00ednguez Casc\u00f3n<\/a><\/h4>\n\t\t\t<div class=\"sc_team_item_subtitle\">Dentista<\/div>\n\t\t<\/div>\n\t<\/div>\n<\/div>\n<\/div><div class=\"trx_addons_column-1_4\"><div class=\"sc_team_item\">\n\t<div class=\"post_featured sc_team_item_thumb trx_addons_hover trx_addons_hover_style_info\">\n\t\t\t\t\t\t\t\t\t\t<a href=\"https:\/\/clinicadentaldominguez.com\/ca\/team\/eduard-dominguez-cardoner\/\" aria-hidden=\"true\"><img loading=\"lazy\" decoding=\"async\" width=\"270\" height=\"298\" src=\"https:\/\/clinicadentaldominguez.com\/wp-content\/uploads\/2017\/07\/IMG7256-270x298.jpg\" class=\"attachment-prodent-thumb-team size-prodent-thumb-team wp-post-image\" alt=\"Dr. Eduard Dom\u00ednguez Cardoner\" \/><\/a>\n\t\t\t\t\t<div class=\"trx_addons_hover_content\"><div class=\"sc_team_item_socials socials_wrap trx_addons_hover_info\"><\/div><\/div><div class=\"trx_addons_hover_mask\"><\/div><\/div>\t<div class=\"sc_team_item_info\">\n\t\t<div class=\"sc_team_item_header\">\n\t\t\t<h4 class=\"sc_team_item_title\"><a href=\"https:\/\/clinicadentaldominguez.com\/ca\/team\/eduard-dominguez-cardoner\/\">Dr. Eduard Dom\u00ednguez Cardoner<\/a><\/h4>\n\t\t\t<div class=\"sc_team_item_subtitle\">Dentista<\/div>\n\t\t<\/div>\n\t<\/div>\n<\/div>\n<\/div><div class=\"trx_addons_column-1_4\"><div class=\"sc_team_item\">\n\t<div class=\"post_featured sc_team_item_thumb trx_addons_hover trx_addons_hover_style_info\">\n\t\t\t\t\t\t\t\t\t\t<a href=\"https:\/\/clinicadentaldominguez.com\/ca\/team\/dr-alex-coredero\/\" aria-hidden=\"true\"><img loading=\"lazy\" decoding=\"async\" width=\"270\" height=\"298\" src=\"https:\/\/clinicadentaldominguez.com\/wp-content\/uploads\/2017\/07\/IMG7253-270x298.jpg\" class=\"attachment-prodent-thumb-team size-prodent-thumb-team wp-post-image\" alt=\"Marta Agust\u00ed\" \/><\/a>\n\t\t\t\t\t<div class=\"trx_addons_hover_content\"><div class=\"sc_team_item_socials socials_wrap trx_addons_hover_info\"><\/div><\/div><div class=\"trx_addons_hover_mask\"><\/div><\/div>\t<div class=\"sc_team_item_info\">\n\t\t<div class=\"sc_team_item_header\">\n\t\t\t<h4 class=\"sc_team_item_title\"><a href=\"https:\/\/clinicadentaldominguez.com\/ca\/team\/dr-alex-coredero\/\">Marta Agust\u00ed<\/a><\/h4>\n\t\t\t<div class=\"sc_team_item_subtitle\">Auxiliar<\/div>\n\t\t<\/div>\n\t<\/div>\n<\/div>\n<\/div><div class=\"trx_addons_column-1_4\"><div class=\"sc_team_item\">\n\t<div class=\"post_featured sc_team_item_thumb trx_addons_hover trx_addons_hover_style_info\">\n\t\t\t\t\t\t\t\t\t\t<a href=\"https:\/\/clinicadentaldominguez.com\/ca\/team\/merce_sitjar\/\" aria-hidden=\"true\"><img loading=\"lazy\" decoding=\"async\" width=\"270\" height=\"298\" src=\"https:\/\/clinicadentaldominguez.com\/wp-content\/uploads\/2017\/07\/IMG7255-270x298.jpg\" class=\"attachment-prodent-thumb-team size-prodent-thumb-team wp-post-image\" alt=\"Merc\u00e8 Sitjar\" \/><\/a>\n\t\t\t\t\t<div class=\"trx_addons_hover_content\"><div class=\"sc_team_item_socials socials_wrap trx_addons_hover_info\"><\/div><\/div><div class=\"trx_addons_hover_mask\"><\/div><\/div>\t<div class=\"sc_team_item_info\">\n\t\t<div class=\"sc_team_item_header\">\n\t\t\t<h4 class=\"sc_team_item_title\"><a href=\"https:\/\/clinicadentaldominguez.com\/ca\/team\/merce_sitjar\/\">Merc\u00e8 Sitjar<\/a><\/h4>\n\t\t\t<div class=\"sc_team_item_subtitle\">Auxiliar<\/div>\n\t\t<\/div>\n\t<\/div>\n<\/div>\n<\/div><\/div><\/div><!-- \/.sc_team -->[vc_empty_space alter_height=\"small\" hide_on_desktop=\"\" hide_on_notebook=\"\" hide_on_tablet=\"\" hide_on_mobile=\"\" css=\".vc_custom_1505208055251{margin-top: -0.2rem !important;}\"][vc_empty_space alter_height=\"medium\" hide_on_desktop=\"\" hide_on_notebook=\"\" hide_on_tablet=\"\" hide_on_mobile=\"\"][\/vc_column][\/vc_row]<\/div>[\/vc_column][\/vc_row]<\/p>\n<\/section>","protected":false},"excerpt":{"rendered":"<p>[vc_row hide_bg_image_on_tablet=&#8221;&#8221; hide_bg_image_on_mobile=&#8221;&#8221; el_class=&#8221;team&#8221;][vc_column][vc_empty_space alter_height=&#8221;medium&#8221; hide_on_desktop=&#8221;&#8221; hide_on_notebook=&#8221;&#8221; hide_on_tablet=&#8221;&#8221; hide_on_mobile=&#8221;&#8221;][vc_column_text]Tot el nostre personal, que \u00e9s d\u2019una alta qualitat humana, est\u00e0 preparat per atendre\u2019t i per ajudar-te mentre estiguis amb nosaltres. Els nostres dentistes tenen una formaci\u00f3 cl\u00ednica excel\u00b7lent i estant en continua formaci\u00f3 per asegura-te els tractaments m\u00e9s actuals i adequats per a tu. Volem donar a cada pacient el tractament&hellip;<\/p>\n","protected":false},"author":1,"featured_media":0,"parent":0,"menu_order":0,"comment_status":"closed","ping_status":"closed","template":"","meta":{"footnotes":""},"class_list":["post-1359","page","type-page","status-publish","hentry"],"_links":{"self":[{"href":"https:\/\/clinicadentaldominguez.com\/ca\/wp-json\/wp\/v2\/pages\/1359","targetHints":{"allow":["GET"]}}],"collection":[{"href":"https:\/\/clinicadentaldominguez.com\/ca\/wp-json\/wp\/v2\/pages"}],"about":[{"href":"https:\/\/clinicadentaldominguez.com\/ca\/wp-json\/wp\/v2\/types\/page"}],"author":[{"embeddable":true,"href":"https:\/\/clinicadentaldominguez.com\/ca\/wp-json\/wp\/v2\/users\/1"}],"replies":[{"embeddable":true,"href":"https:\/\/clinicadentaldominguez.com\/ca\/wp-json\/wp\/v2\/comments?post=1359"}],"version-history":[{"count":6,"href":"https:\/\/clinicadentaldominguez.com\/ca\/wp-json\/wp\/v2\/pages\/1359\/revisions"}],"predecessor-version":[{"id":1555,"href":"https:\/\/clinicadentaldominguez.com\/ca\/wp-json\/wp\/v2\/pages\/1359\/revisions\/1555"}],"wp:attachment":[{"href":"https:\/\/clinicadentaldominguez.com\/ca\/wp-json\/wp\/v2\/media?parent=1359"}],"curies":[{"name":"wp","href":"https:\/\/api.w.org\/{rel}","templated":true}]}}