{"id":1454,"date":"2018-12-11T20:51:35","date_gmt":"2018-12-11T20:51:35","guid":{"rendered":"http:\/\/desarrollo.uican.es\/dominguez\/preguntas-frecuentes\/"},"modified":"2020-05-05T09:49:31","modified_gmt":"2020-05-05T08:49:31","slug":"preguntas-frecuentes","status":"publish","type":"page","link":"https:\/\/clinicadentaldominguez.com\/ca\/preguntas-frecuentes\/","title":{"rendered":"Preguntes"},"content":{"rendered":"<section class=\"wpb-content-wrapper\"><p>[vc_row][vc_column][vc_toggle title=&#8221;Com funciona el blanquejament dental ?&#8221;]<big><a href=\"https:\/\/www.clinicadentaldominguez.com\/ca\/treatments\/estetica-dental_cat\/\">Premi aqu\u00ed<\/a><\/big>[\/vc_toggle][vc_toggle title=&#8221;Qu\u00e8 \u00e9s un implant?&#8221;]<a href=\"https:\/\/www.clinicadentaldominguez.com\/ca\/treatments\/implantologia_cat\/\">Premi aqu\u00ed<\/a>[\/vc_toggle][\/vc_column][\/vc_row]<\/p>\n<\/section>","protected":false},"excerpt":{"rendered":"<p>[vc_row][vc_column][vc_toggle title=&#8221;Com funciona el blanquejament dental ?&#8221;]Premi aqu\u00ed[\/vc_toggle][vc_toggle title=&#8221;Qu\u00e8 \u00e9s un implant?&#8221;]Premi aqu\u00ed[\/vc_toggle][\/vc_column][\/vc_row]<\/p>\n","protected":false},"author":1,"featured_media":0,"parent":0,"menu_order":0,"comment_status":"closed","ping_status":"closed","template":"","meta":{"footnotes":""},"class_list":["post-1454","page","type-page","status-publish","hentry"],"_links":{"self":[{"href":"https:\/\/clinicadentaldominguez.com\/ca\/wp-json\/wp\/v2\/pages\/1454","targetHints":{"allow":["GET"]}}],"collection":[{"href":"https:\/\/clinicadentaldominguez.com\/ca\/wp-json\/wp\/v2\/pages"}],"about":[{"href":"https:\/\/clinicadentaldominguez.com\/ca\/wp-json\/wp\/v2\/types\/page"}],"author":[{"embeddable":true,"href":"https:\/\/clinicadentaldominguez.com\/ca\/wp-json\/wp\/v2\/users\/1"}],"replies":[{"embeddable":true,"href":"https:\/\/clinicadentaldominguez.com\/ca\/wp-json\/wp\/v2\/comments?post=1454"}],"version-history":[{"count":6,"href":"https:\/\/clinicadentaldominguez.com\/ca\/wp-json\/wp\/v2\/pages\/1454\/revisions"}],"predecessor-version":[{"id":2126,"href":"https:\/\/clinicadentaldominguez.com\/ca\/wp-json\/wp\/v2\/pages\/1454\/revisions\/2126"}],"wp:attachment":[{"href":"https:\/\/clinicadentaldominguez.com\/ca\/wp-json\/wp\/v2\/media?parent=1454"}],"curies":[{"name":"wp","href":"https:\/\/api.w.org\/{rel}","templated":true}]}}